{"id":2,"date":"2019-05-08T01:38:14","date_gmt":"2019-05-08T01:38:14","guid":{"rendered":"https:\/\/asagents.com.au\/?page_id=2"},"modified":"2023-10-01T15:00:05","modified_gmt":"2023-10-01T04:30:05","slug":"home","status":"publish","type":"page","link":"https:\/\/asagents.com.au\/en\/","title":{"rendered":"Home"},"content":{"rendered":"<div class=\"wpb-content-wrapper\"><div id=\"boxeshover\" class=\"vc_row wpb_row vc_row-fluid vc_custom_1565793273058 vc_column-gap-20 vc_row-o-equal-height vc_row-flex\"><div class=\"colhover wpb_column vc_column_container vc_col-sm-4 vc_col-has-fill\"><div class=\"vc_column-inner vc_custom_1565793279028\"><div class=\"wpb_wrapper\"><div class=\"icon_box icon_position_top no_border\"><div class=\"image_wrapper\"><img loading=\"lazy\" decoding=\"async\" class=\"scale-with-grid\" src=\"https:\/\/asagents.com.au\/wp-content\/uploads\/2019\/08\/australia-1.png\" alt=\"australia (1)\" width=\"64\" height=\"64\"\/><\/div><div class=\"desc_wrapper\"><h4 class=\"title\">Why study in Australia?<\/h4><div class=\"desc translation-block\">By: its people and its culture<br>\ntheir education<br>\nits great weather<\/div><\/div><\/div>\n<\/div><\/div><\/div><div class=\"colhover wpb_column vc_column_container vc_col-sm-4 vc_col-has-fill\"><div class=\"vc_column-inner vc_custom_1565793335233\"><div class=\"wpb_wrapper\"><div class=\"icon_box icon_position_top no_border\"><div class=\"image_wrapper\"><img loading=\"lazy\" decoding=\"async\" class=\"scale-with-grid\" src=\"https:\/\/asagents.com.au\/wp-content\/uploads\/2019\/08\/resume.png\" alt=\"resume\" width=\"64\" height=\"64\"\/><\/div><div class=\"desc_wrapper\"><h4 class=\"title\">Types of Education<\/h4><div class=\"desc translation-block\">English Courses<br>\nVocational Education and Training (VET)<br>\nHigher Education<\/div><\/div><\/div>\n<\/div><\/div><\/div><div class=\"colhover wpb_column vc_column_container vc_col-sm-4 vc_col-has-fill\"><div class=\"vc_column-inner vc_custom_1565793341047\"><div class=\"wpb_wrapper\"><div class=\"icon_box icon_position_top no_border\"><div class=\"image_wrapper\"><img loading=\"lazy\" decoding=\"async\" class=\"scale-with-grid\" src=\"https:\/\/asagents.com.au\/wp-content\/uploads\/2019\/08\/travelling.png\" alt=\"travelling\" width=\"64\" height=\"64\"\/><\/div><div class=\"desc_wrapper\"><h4 class=\"title\">Destinations<\/h4><div class=\"desc\">Sydney<br \/>\nMelbourne<br \/>\nAdelaide<\/div><\/div><\/div>\n<\/div><\/div><\/div><\/div><div data-vc-full-width=\"true\" data-vc-full-width-init=\"false\" class=\"vc_row wpb_row vc_row-fluid vc_custom_1565800183663 vc_row-has-fill vc_row-o-equal-height vc_row-flex\"><div class=\"wpb_column vc_column_container vc_col-sm-6\"><div class=\"vc_column-inner\"><div class=\"wpb_wrapper\">\n\t<div class=\"wpb_text_column wpb_content_element wpb_animate_when_almost_visible wpb_fadeIn fadeIn vc_custom_1696134392490 titleline\" >\n\t\t<div class=\"wpb_wrapper\">\n\t\t\t<h1 id=\"formcontacto\" style=\"text-align: left;\"><strong>\u00bfEst\u00e1s listo para estudiar en Australia y embarcarte en la aventura de tu vida?<\/strong><\/h1>\n<p><strong>Estudiar en Australia con Australian Study Agents: tu puerta hacia la educaci\u00f3n australiana.<\/strong><\/p>\n<p>Australian Study Agents te brinda todo el apoyo que necesitas para comenzar tus estudios en Australia. Estamos encantados de darte la bienvenida a tu pr\u00f3xima gran aventura en Australia, ayud\u00e1ndote a desarrollar una mentalidad global y obtener una ventaja profesional.<\/p>\n\n\t\t<\/div>\n\t<\/div>\n<\/div><\/div><\/div><div class=\"wpb_column vc_column_container vc_col-sm-6\"><div class=\"vc_column-inner\"><div class=\"wpb_wrapper\">\n\t<div class=\"wpb_text_column wpb_content_element\" >\n\t\t<div class=\"wpb_wrapper\">\n\t\t\t\n<div class=\"wpcf7 no-js\" id=\"wpcf7-f397-o1\" lang=\"en-AU\" dir=\"ltr\" data-wpcf7-id=\"397\">\n<div class=\"screen-reader-response\"><p role=\"status\" aria-live=\"polite\" aria-atomic=\"true\"><\/p> <ul><\/ul><\/div>\n<form action=\"\/en\/wp-json\/wp\/v2\/pages\/2#wpcf7-f397-o1\" method=\"post\" class=\"wpcf7-form init\" aria-label=\"Contact form\" novalidate=\"novalidate\" data-status=\"init\" data-trp-original-action=\"\/en\/wp-json\/wp\/v2\/pages\/2#wpcf7-f397-o1\">\n<fieldset class=\"hidden-fields-container\"><input type=\"hidden\" name=\"_wpcf7\" value=\"397\" \/><input type=\"hidden\" name=\"_wpcf7_version\" value=\"6.1.5\" \/><input type=\"hidden\" name=\"_wpcf7_locale\" value=\"en_AU\" \/><input type=\"hidden\" name=\"_wpcf7_unit_tag\" value=\"wpcf7-f397-o1\" \/><input type=\"hidden\" name=\"_wpcf7_container_post\" value=\"0\" \/><input type=\"hidden\" name=\"_wpcf7_posted_data_hash\" value=\"\" \/>\n<\/fieldset>\n<p><label> Your name<br \/>\n<span class=\"wpcf7-form-control-wrap\" data-name=\"your-name\"><input size=\"40\" maxlength=\"400\" class=\"wpcf7-form-control wpcf7-text wpcf7-validates-as-required\" aria-required=\"true\" aria-invalid=\"false\" value=\"\" type=\"text\" name=\"your-name\" \/><\/span> <\/label>\n<\/p>\n<p><label> Your email<br \/>\n<span class=\"wpcf7-form-control-wrap\" data-name=\"your-email\"><input size=\"40\" maxlength=\"400\" class=\"wpcf7-form-control wpcf7-email wpcf7-validates-as-required wpcf7-text wpcf7-validates-as-email\" aria-required=\"true\" aria-invalid=\"false\" value=\"\" type=\"email\" name=\"your-email\" \/><\/span> <\/label>\n<\/p>\n<p><label> Subject<br \/>\n<span class=\"wpcf7-form-control-wrap\" data-name=\"your-subject\"><input size=\"40\" maxlength=\"400\" class=\"wpcf7-form-control wpcf7-text wpcf7-validates-as-required\" aria-required=\"true\" aria-invalid=\"false\" value=\"\" type=\"text\" name=\"your-subject\" \/><\/span> <\/label>\n<\/p>\n<p><label> Your message (optional)<br \/>\n<span class=\"wpcf7-form-control-wrap\" data-name=\"your-message\"><textarea cols=\"40\" rows=\"10\" maxlength=\"2000\" class=\"wpcf7-form-control wpcf7-textarea\" aria-invalid=\"false\" name=\"your-message\"><\/textarea><\/span> <\/label>\n<\/p>\n<p><input class=\"wpcf7-form-control wpcf7-submit has-spinner\" type=\"submit\" value=\"Submit\" \/>\n<\/p><p style=\"display: none !important;\" class=\"akismet-fields-container\" data-prefix=\"_wpcf7_ak_\"><label>&#916;<textarea name=\"_wpcf7_ak_hp_textarea\" cols=\"45\" rows=\"8\" maxlength=\"100\"><\/textarea><\/label><input type=\"hidden\" id=\"ak_js_1\" name=\"_wpcf7_ak_js\" value=\"118\"\/><script>document.getElementById( \"ak_js_1\" ).setAttribute( \"value\", ( new Date() ).getTime() );<\/script><\/p><div class=\"wpcf7-response-output\" aria-hidden=\"true\"><\/div>\n<input type=\"hidden\" name=\"trp-form-language\" value=\"en\"\/><\/form>\n<\/div>\n\n\n\t\t<\/div>\n\t<\/div>\n<\/div><\/div><\/div><\/div><div class=\"vc_row-full-width vc_clearfix\"><\/div><div data-vc-full-width=\"true\" data-vc-full-width-init=\"false\" class=\"vc_row wpb_row vc_row-fluid vc_row-o-equal-height vc_row-flex\"><div class=\"wpb_column vc_column_container vc_col-sm-6 vc_col-has-fill\"><div class=\"vc_column-inner vc_custom_1571837148792\"><div class=\"wpb_wrapper\"><div class=\"vc_empty_space\"   style=\"height: 300px\"><span class=\"vc_empty_space_inner\"><\/span><\/div><\/div><\/div><\/div><div class=\"wpb_column vc_column_container vc_col-sm-6 vc_col-has-fill\"><div class=\"vc_column-inner vc_custom_1565732658162\"><div class=\"wpb_wrapper\">\n\t<div class=\"wpb_text_column wpb_content_element wpb_animate_when_almost_visible wpb_fadeInUp fadeInUp vc_custom_1696132763328 titleline\" >\n\t\t<div class=\"wpb_wrapper\">\n\t\t\t<h1 style=\"text-align: left;\"><strong>\u00bfQui\u00e9nes son los Australian Study Agents?<\/strong><\/h1>\n<p>&nbsp;<\/p>\n<p>En Australian Study Agents, te brindamos la oportunidad de estudiar en Australia con la confianza y el apoyo de una agencia familiar con sede en Adelaida, Australia del Sur. Nuestro equipo acumula m\u00e1s de una d\u00e9cada de experiencia en la industria de la educaci\u00f3n y est\u00e1 formado por agentes de educaci\u00f3n expertos, profesores y consejeros, todos ellos arraigados en la comunidad local.<\/p>\n<p>Cada miembro de nuestro equipo de Australian Study Agents ha vivido o recibido formaci\u00f3n en Australia, lo que nos proporciona una comprensi\u00f3n precisa de los requisitos gubernamentales para la aprobaci\u00f3n de solicitudes de estudiantes que desean encontrar oportunidades laborales en Australia en el futuro.<\/p>\n<p>Nuestro equipo de expertos te acompa\u00f1ar\u00e1 a lo largo de todo tu viaje, desde la presentaci\u00f3n de tu solicitud hasta la culminaci\u00f3n de tus estudios. Poseemos un profundo conocimiento de las regulaciones, ya que nuestro propio equipo ha atravesado el mismo proceso para estudiar en Australia, al igual que t\u00fa. Estamos aqu\u00ed para hacerte el camino m\u00e1s sencillo y asegurarnos de que alcances tus metas acad\u00e9micas y profesionales en Australia.<\/p>\n\n\t\t<\/div>\n\t<\/div>\n<\/div><\/div><\/div><\/div><div class=\"vc_row-full-width vc_clearfix\"><\/div><div data-vc-full-width=\"true\" data-vc-full-width-init=\"false\" class=\"vc_row wpb_row vc_row-fluid vc_row-o-equal-height vc_row-flex\"><div class=\"wpb_column vc_column_container vc_col-sm-6 vc_col-has-fill\"><div class=\"vc_column-inner vc_custom_1565732603672\"><div class=\"wpb_wrapper\">\n\t<div class=\"wpb_text_column wpb_content_element wpb_animate_when_almost_visible wpb_fadeInDown fadeInDown vc_custom_1696132142960 titleline\" >\n\t\t<div class=\"wpb_wrapper\">\n\t\t\t<h1><strong>How can we help you?<\/strong><\/h1>\n<p>&nbsp;<\/p>\n<p>En Australian Study Agents, hemos sido establecidos con el prop\u00f3sito de hacer realidad tu sue\u00f1o de estudiar en Australia de manera accesible y sin complicaciones, sin importar en qu\u00e9 parte del mundo te encuentres.<\/p>\n<p>Nuestra especializaci\u00f3n en el mercado sudamericano nos permite brindar a los estudiantes una perspectiva global y una ventaja competitiva en sus carreras. Lo logramos ofreciendo la oportunidad de sumergirse en una cultura, un idioma y un grupo de compa\u00f1eros extranjeros mientras estudian en Australia.<\/p>\n<p>Entendemos que muchos sue\u00f1an con estudiar en el extranjero, pero a menudo no saben por d\u00f3nde empezar. Es por eso que necesitan orientaci\u00f3n para:<\/p>\n<ul>\n<li>Comprender los requisitos de elegibilidad.<\/li>\n<li>Identificar las opciones disponibles para ellos.<\/li>\n<li>Obtener una visa de estudiante.<\/li>\n<li>Seleccionar el curso adecuado.<\/li>\n<li>Encontrar apoyo en el camino.<\/li>\n<li>Asegurar un alojamiento.<\/li>\n<\/ul>\n<p>Aqu\u00ed es donde entra en juego Australian Study Agents (ASA). Somos una agencia de servicio completo que te acompa\u00f1ar\u00e1 en todo el proceso, desde la elecci\u00f3n de tu programa de estudio hasta la instalaci\u00f3n en tu nuevo hogar en Australia.<\/p>\n<p>\u00bfLa mejor parte? Todos nuestros servicios y herramientas innovadoras son completamente gratuitos.<\/p>\n<p>Como agentes de educaci\u00f3n acreditados, operamos bajo una estructura de comisiones. Puedes estar seguro de que te proporcionaremos un servicio confiable e imparcial para ayudarte a alcanzar tus metas personales de forma m\u00e1s efectiva.<\/p>\n\n\t\t<\/div>\n\t<\/div>\n<\/div><\/div><\/div><div class=\"wpb_column vc_column_container vc_col-sm-6 vc_col-has-fill\"><div class=\"vc_column-inner vc_custom_1564578478236\"><div class=\"wpb_wrapper\"><div class=\"vc_empty_space\"   style=\"height: 300px\"><span class=\"vc_empty_space_inner\"><\/span><\/div><\/div><\/div><\/div><\/div><div class=\"vc_row-full-width vc_clearfix\"><\/div>\n<\/div>","protected":false},"excerpt":{"rendered":"Por qu\u00e9 estudiar en Australia?Por: su gente y su cultura su educaci\u00f3n su gran clima Escoge tu cursoCursos de Ingl\u00e9s Carreras t\u00e9cnicas (TAFE \u2013 VET) Universidad<span class=\"excerpt-hellip\"> [\u2026]<\/span>","protected":false},"author":1,"featured_media":0,"parent":0,"menu_order":0,"comment_status":"closed","ping_status":"closed","template":"","meta":{"_coblocks_attr":"","_coblocks_dimensions":"","_coblocks_responsive_height":"","_coblocks_accordion_ie_support":"","content-type":"","footnotes":""},"class_list":["post-2","page","type-page","status-publish","hentry"],"yoast_head":"<!-- This site is optimized with the Yoast SEO plugin v27.1.1 - https:\/\/yoast.com\/product\/yoast-seo-wordpress\/ -->\n<title>Estudiar en Australia con Australian Study Agents (ASA) | Tu Puerta a la Educaci\u00f3n Australiana<\/title>\n<meta name=\"description\" content=\"Estudiar en Australia con Australian Study Agents. Estamos emocionados de darte la bienvenida a tu pr\u00f3xima gran aventura en Australia.\" \/>\n<meta name=\"robots\" content=\"index, follow, max-snippet:-1, max-image-preview:large, max-video-preview:-1\" \/>\n<link rel=\"canonical\" href=\"https:\/\/asagents.com.au\/en\/\" \/>\n<meta property=\"og:locale\" content=\"en_US\" \/>\n<meta property=\"og:type\" content=\"article\" \/>\n<meta property=\"og:title\" content=\"Estudiar en Australia con Australian Study Agents (ASA) | Tu Puerta a la Educaci\u00f3n Australiana\" \/>\n<meta property=\"og:description\" content=\"Estudiar en Australia con Australian Study Agents. Estamos emocionados de darte la bienvenida a tu pr\u00f3xima gran aventura en Australia.\" \/>\n<meta property=\"og:url\" content=\"https:\/\/asagents.com.au\/en\/\" \/>\n<meta property=\"og:site_name\" content=\"Australian Study Agents (ASA)\" \/>\n<meta property=\"article:publisher\" content=\"https:\/\/www.facebook.com\/AusStudyAgents\" \/>\n<meta property=\"article:modified_time\" content=\"2023-10-01T04:30:05+00:00\" \/>\n<meta name=\"twitter:card\" content=\"summary_large_image\" \/>\n<meta name=\"twitter:label1\" content=\"Est. reading time\" \/>\n\t<meta name=\"twitter:data1\" content=\"3 minutes\" \/>\n<script type=\"application\/ld+json\" class=\"yoast-schema-graph\">{\"@context\":\"https:\/\/schema.org\",\"@graph\":[{\"@type\":\"WebPage\",\"@id\":\"https:\/\/asagents.com.au\/\",\"url\":\"https:\/\/asagents.com.au\/\",\"name\":\"Estudiar en Australia con Australian Study Agents (ASA) | Tu Puerta a la Educaci\u00f3n Australiana\",\"isPartOf\":{\"@id\":\"https:\/\/asagents.com.au\/#website\"},\"datePublished\":\"2019-05-08T01:38:14+00:00\",\"dateModified\":\"2023-10-01T04:30:05+00:00\",\"description\":\"Estudiar en Australia con Australian Study Agents. Estamos emocionados de darte la bienvenida a tu pr\u00f3xima gran aventura en Australia.\",\"breadcrumb\":{\"@id\":\"https:\/\/asagents.com.au\/#breadcrumb\"},\"inLanguage\":\"en-AU\",\"potentialAction\":[{\"@type\":\"ReadAction\",\"target\":[\"https:\/\/asagents.com.au\/\"]}]},{\"@type\":\"BreadcrumbList\",\"@id\":\"https:\/\/asagents.com.au\/#breadcrumb\",\"itemListElement\":[{\"@type\":\"ListItem\",\"position\":1,\"name\":\"Home\",\"item\":\"https:\/\/asagents.com.au\/\"},{\"@type\":\"ListItem\",\"position\":2,\"name\":\"Home\"}]},{\"@type\":\"WebSite\",\"@id\":\"https:\/\/asagents.com.au\/#website\",\"url\":\"https:\/\/asagents.com.au\/\",\"name\":\"Australian Study Agents (ASA)\",\"description\":\"Start your study abroad experience with 100% Australian-based and trained education agents.\",\"publisher\":{\"@id\":\"https:\/\/asagents.com.au\/#organization\"},\"potentialAction\":[{\"@type\":\"SearchAction\",\"target\":{\"@type\":\"EntryPoint\",\"urlTemplate\":\"https:\/\/asagents.com.au\/?s={search_term_string}\"},\"query-input\":{\"@type\":\"PropertyValueSpecification\",\"valueRequired\":true,\"valueName\":\"search_term_string\"}}],\"inLanguage\":\"en-AU\"},{\"@type\":\"Organization\",\"@id\":\"https:\/\/asagents.com.au\/#organization\",\"name\":\"Australian Study Agents Pty Ltd\",\"url\":\"https:\/\/asagents.com.au\/\",\"logo\":{\"@type\":\"ImageObject\",\"inLanguage\":\"en-AU\",\"@id\":\"https:\/\/asagents.com.au\/#\/schema\/logo\/image\/\",\"url\":\"https:\/\/secureservercdn.net\/198.71.233.206\/t2j.494.myftpupload.com\/wp-content\/uploads\/2021\/05\/Asa-logo-oficial-1-copy-scaled.jpg?time=1656421415\",\"contentUrl\":\"https:\/\/secureservercdn.net\/198.71.233.206\/t2j.494.myftpupload.com\/wp-content\/uploads\/2021\/05\/Asa-logo-oficial-1-copy-scaled.jpg?time=1656421415\",\"width\":2560,\"height\":1656,\"caption\":\"Australian Study Agents Pty Ltd\"},\"image\":{\"@id\":\"https:\/\/asagents.com.au\/#\/schema\/logo\/image\/\"},\"sameAs\":[\"https:\/\/www.facebook.com\/AusStudyAgents\",\"https:\/\/www.instagram.com\/ausstudyagents\/\",\"https:\/\/www.linkedin.com\/company\/28867974\/admin\/\",\"https:\/\/www.youtube.com\/channel\/UC3xwaR34LyS1l4agK5BNP0Q\"]}]}<\/script>\n<!-- \/ Yoast SEO plugin. -->","yoast_head_json":{"title":"Estudiar en Australia con Australian Study Agents (ASA) | Tu Puerta a la Educaci\u00f3n Australiana","description":"Estudiar en Australia con Australian Study Agents. Estamos emocionados de darte la bienvenida a tu pr\u00f3xima gran aventura en Australia.","robots":{"index":"index","follow":"follow","max-snippet":"max-snippet:-1","max-image-preview":"max-image-preview:large","max-video-preview":"max-video-preview:-1"},"canonical":"https:\/\/asagents.com.au\/en\/","og_locale":"en_US","og_type":"article","og_title":"Estudiar en Australia con Australian Study Agents (ASA) | Tu Puerta a la Educaci\u00f3n Australiana","og_description":"Estudiar en Australia con Australian Study Agents. Estamos emocionados de darte la bienvenida a tu pr\u00f3xima gran aventura en Australia.","og_url":"https:\/\/asagents.com.au\/en\/","og_site_name":"Australian Study Agents (ASA)","article_publisher":"https:\/\/www.facebook.com\/AusStudyAgents","article_modified_time":"2023-10-01T04:30:05+00:00","twitter_card":"summary_large_image","twitter_misc":{"Est. reading time":"3 minutes"},"schema":{"@context":"https:\/\/schema.org","@graph":[{"@type":"WebPage","@id":"https:\/\/asagents.com.au\/","url":"https:\/\/asagents.com.au\/","name":"Estudiar en Australia con Australian Study Agents (ASA) | Tu Puerta a la Educaci\u00f3n Australiana","isPartOf":{"@id":"https:\/\/asagents.com.au\/#website"},"datePublished":"2019-05-08T01:38:14+00:00","dateModified":"2023-10-01T04:30:05+00:00","description":"Estudiar en Australia con Australian Study Agents. Estamos emocionados de darte la bienvenida a tu pr\u00f3xima gran aventura en Australia.","breadcrumb":{"@id":"https:\/\/asagents.com.au\/#breadcrumb"},"inLanguage":"en-AU","potentialAction":[{"@type":"ReadAction","target":["https:\/\/asagents.com.au\/"]}]},{"@type":"BreadcrumbList","@id":"https:\/\/asagents.com.au\/#breadcrumb","itemListElement":[{"@type":"ListItem","position":1,"name":"Home","item":"https:\/\/asagents.com.au\/"},{"@type":"ListItem","position":2,"name":"Home"}]},{"@type":"WebSite","@id":"https:\/\/asagents.com.au\/#website","url":"https:\/\/asagents.com.au\/","name":"Australian Study Agents (ASA)","description":"Start your study abroad experience with 100% Australian-based and trained education agents.","publisher":{"@id":"https:\/\/asagents.com.au\/#organization"},"potentialAction":[{"@type":"SearchAction","target":{"@type":"EntryPoint","urlTemplate":"https:\/\/asagents.com.au\/?s={search_term_string}"},"query-input":{"@type":"PropertyValueSpecification","valueRequired":true,"valueName":"search_term_string"}}],"inLanguage":"en-AU"},{"@type":"Organization","@id":"https:\/\/asagents.com.au\/#organization","name":"Australian Study Agents Pty Ltd","url":"https:\/\/asagents.com.au\/","logo":{"@type":"ImageObject","inLanguage":"en-AU","@id":"https:\/\/asagents.com.au\/#\/schema\/logo\/image\/","url":"https:\/\/secureservercdn.net\/198.71.233.206\/t2j.494.myftpupload.com\/wp-content\/uploads\/2021\/05\/Asa-logo-oficial-1-copy-scaled.jpg?time=1656421415","contentUrl":"https:\/\/secureservercdn.net\/198.71.233.206\/t2j.494.myftpupload.com\/wp-content\/uploads\/2021\/05\/Asa-logo-oficial-1-copy-scaled.jpg?time=1656421415","width":2560,"height":1656,"caption":"Australian Study Agents Pty Ltd"},"image":{"@id":"https:\/\/asagents.com.au\/#\/schema\/logo\/image\/"},"sameAs":["https:\/\/www.facebook.com\/AusStudyAgents","https:\/\/www.instagram.com\/ausstudyagents\/","https:\/\/www.linkedin.com\/company\/28867974\/admin\/","https:\/\/www.youtube.com\/channel\/UC3xwaR34LyS1l4agK5BNP0Q"]}]}},"_links":{"self":[{"href":"https:\/\/asagents.com.au\/en\/wp-json\/wp\/v2\/pages\/2","targetHints":{"allow":["GET"]}}],"collection":[{"href":"https:\/\/asagents.com.au\/en\/wp-json\/wp\/v2\/pages"}],"about":[{"href":"https:\/\/asagents.com.au\/en\/wp-json\/wp\/v2\/types\/page"}],"author":[{"embeddable":true,"href":"https:\/\/asagents.com.au\/en\/wp-json\/wp\/v2\/users\/1"}],"replies":[{"embeddable":true,"href":"https:\/\/asagents.com.au\/en\/wp-json\/wp\/v2\/comments?post=2"}],"version-history":[{"count":10,"href":"https:\/\/asagents.com.au\/en\/wp-json\/wp\/v2\/pages\/2\/revisions"}],"predecessor-version":[{"id":425,"href":"https:\/\/asagents.com.au\/en\/wp-json\/wp\/v2\/pages\/2\/revisions\/425"}],"wp:attachment":[{"href":"https:\/\/asagents.com.au\/en\/wp-json\/wp\/v2\/media?parent=2"}],"curies":[{"name":"wp","href":"https:\/\/api.w.org\/{rel}","templated":true}]}}